{"id":977,"date":"2022-04-28T08:51:03","date_gmt":"2022-04-28T08:51:03","guid":{"rendered":"https:\/\/eskiro-servis.si\/?post_type=product&#038;p=977"},"modified":"2022-06-12T09:49:05","modified_gmt":"2022-06-12T09:49:05","slug":"led-prikazovalnik-xiaomi-mi-m365","status":"publish","type":"product","link":"https:\/\/eskiro-servis.si\/en\/product\/led-prikazovalnik-xiaomi-mi-m365\/","title":{"rendered":"LED prikazovalnik Xiaomi Mi M365"},"content":{"rendered":"","protected":false},"excerpt":{"rendered":"<p>Nadomestni LED prikazovalnik statusa baterije z gumbom za elektri\u010dne skiroje Xiaomi Mi M365. Prikazovalnik ima prilo\u017eene vse potrebne kable in priklju\u010dke.<\/p>","protected":false},"featured_media":978,"comment_status":"open","ping_status":"closed","template":"","meta":{"_et_pb_use_builder":"","_et_pb_old_content":"","_et_gb_content_width":""},"product_cat":[24],"product_tag":[],"class_list":["post-977","product","type-product","status-publish","has-post-thumbnail","hentry","product_cat-rezervni-deli"],"_links":{"self":[{"href":"https:\/\/eskiro-servis.si\/en\/wp-json\/wp\/v2\/product\/977","targetHints":{"allow":["GET"]}}],"collection":[{"href":"https:\/\/eskiro-servis.si\/en\/wp-json\/wp\/v2\/product"}],"about":[{"href":"https:\/\/eskiro-servis.si\/en\/wp-json\/wp\/v2\/types\/product"}],"replies":[{"embeddable":true,"href":"https:\/\/eskiro-servis.si\/en\/wp-json\/wp\/v2\/comments?post=977"}],"wp:featuredmedia":[{"embeddable":true,"href":"https:\/\/eskiro-servis.si\/en\/wp-json\/wp\/v2\/media\/978"}],"wp:attachment":[{"href":"https:\/\/eskiro-servis.si\/en\/wp-json\/wp\/v2\/media?parent=977"}],"wp:term":[{"taxonomy":"product_cat","embeddable":true,"href":"https:\/\/eskiro-servis.si\/en\/wp-json\/wp\/v2\/product_cat?post=977"},{"taxonomy":"product_tag","embeddable":true,"href":"https:\/\/eskiro-servis.si\/en\/wp-json\/wp\/v2\/product_tag?post=977"}],"curies":[{"name":"wp","href":"https:\/\/api.w.org\/{rel}","templated":true}]}}