{"id":973,"date":"2022-04-28T08:47:09","date_gmt":"2022-04-28T08:47:09","guid":{"rendered":"https:\/\/eskiro-servis.si\/?post_type=product&#038;p=973"},"modified":"2022-06-12T09:49:15","modified_gmt":"2022-06-12T09:49:15","slug":"lcd-prikazovalnik-xiaomi-mi-m365-pro","status":"publish","type":"product","link":"https:\/\/eskiro-servis.si\/en\/product\/lcd-prikazovalnik-xiaomi-mi-m365-pro\/","title":{"rendered":"LCD prikazovalnik Xiaomi Mi M365 Pro"},"content":{"rendered":"","protected":false},"excerpt":{"rendered":"<p>Nadomestni LCD prikazovalnik hitrosti, statusa baterije &amp; na\u010dina vo\u017enje z gumbom za elektri\u010dne skiroje Xiaomi Mi M365 Pro. Prikazovalnik ima prilo\u017eene vse potrebne kable in priklju\u010dke.<\/p>","protected":false},"featured_media":975,"comment_status":"open","ping_status":"closed","template":"","meta":{"_et_pb_use_builder":"","_et_pb_old_content":"","_et_gb_content_width":""},"product_cat":[24],"product_tag":[],"class_list":["post-973","product","type-product","status-publish","has-post-thumbnail","hentry","product_cat-rezervni-deli"],"_links":{"self":[{"href":"https:\/\/eskiro-servis.si\/en\/wp-json\/wp\/v2\/product\/973","targetHints":{"allow":["GET"]}}],"collection":[{"href":"https:\/\/eskiro-servis.si\/en\/wp-json\/wp\/v2\/product"}],"about":[{"href":"https:\/\/eskiro-servis.si\/en\/wp-json\/wp\/v2\/types\/product"}],"replies":[{"embeddable":true,"href":"https:\/\/eskiro-servis.si\/en\/wp-json\/wp\/v2\/comments?post=973"}],"wp:featuredmedia":[{"embeddable":true,"href":"https:\/\/eskiro-servis.si\/en\/wp-json\/wp\/v2\/media\/975"}],"wp:attachment":[{"href":"https:\/\/eskiro-servis.si\/en\/wp-json\/wp\/v2\/media?parent=973"}],"wp:term":[{"taxonomy":"product_cat","embeddable":true,"href":"https:\/\/eskiro-servis.si\/en\/wp-json\/wp\/v2\/product_cat?post=973"},{"taxonomy":"product_tag","embeddable":true,"href":"https:\/\/eskiro-servis.si\/en\/wp-json\/wp\/v2\/product_tag?post=973"}],"curies":[{"name":"wp","href":"https:\/\/api.w.org\/{rel}","templated":true}]}}