{"id":1005,"date":"2022-04-28T12:18:04","date_gmt":"2022-04-28T12:18:04","guid":{"rendered":"https:\/\/eskiro-servis.si\/?post_type=product&#038;p=1005"},"modified":"2022-06-12T09:47:18","modified_gmt":"2022-06-12T09:47:18","slug":"regulator-plina-rocka-za-gas-xiaomi-mi-m365","status":"publish","type":"product","link":"https:\/\/eskiro-servis.si\/en\/product\/regulator-plina-rocka-za-gas-xiaomi-mi-m365\/","title":{"rendered":"Regulator plina (ro\u010dka za gas) Xiaomi Mi M365 \/ Pro"},"content":{"rendered":"","protected":false},"excerpt":{"rendered":"<p>Nadomestni linearni regulator plina oziroma &#8220;ro\u010dka za gas&#8221; za elektri\u010dne skiroje Xiaomi. Na regulator je pritrjen ustrezen kabel in priklju\u010dek.<\/p>\n<p>Kompatibilno z modeli:<\/p>\n<ul>\n<li>Xiaomi Mi M365<\/li>\n<li>Xiaomi Mi M365 Pro<\/li>\n<\/ul>","protected":false},"featured_media":1006,"comment_status":"open","ping_status":"closed","template":"","meta":{"_et_pb_use_builder":"","_et_pb_old_content":"","_et_gb_content_width":""},"product_cat":[24],"product_tag":[],"class_list":["post-1005","product","type-product","status-publish","has-post-thumbnail","hentry","product_cat-rezervni-deli"],"_links":{"self":[{"href":"https:\/\/eskiro-servis.si\/en\/wp-json\/wp\/v2\/product\/1005","targetHints":{"allow":["GET"]}}],"collection":[{"href":"https:\/\/eskiro-servis.si\/en\/wp-json\/wp\/v2\/product"}],"about":[{"href":"https:\/\/eskiro-servis.si\/en\/wp-json\/wp\/v2\/types\/product"}],"replies":[{"embeddable":true,"href":"https:\/\/eskiro-servis.si\/en\/wp-json\/wp\/v2\/comments?post=1005"}],"wp:featuredmedia":[{"embeddable":true,"href":"https:\/\/eskiro-servis.si\/en\/wp-json\/wp\/v2\/media\/1006"}],"wp:attachment":[{"href":"https:\/\/eskiro-servis.si\/en\/wp-json\/wp\/v2\/media?parent=1005"}],"wp:term":[{"taxonomy":"product_cat","embeddable":true,"href":"https:\/\/eskiro-servis.si\/en\/wp-json\/wp\/v2\/product_cat?post=1005"},{"taxonomy":"product_tag","embeddable":true,"href":"https:\/\/eskiro-servis.si\/en\/wp-json\/wp\/v2\/product_tag?post=1005"}],"curies":[{"name":"wp","href":"https:\/\/api.w.org\/{rel}","templated":true}]}}